{"id":663,"date":"2023-02-16T23:02:00","date_gmt":"2023-02-17T04:02:00","guid":{"rendered":"https:\/\/holytrinitypawling.org\/quienes-somos\/"},"modified":"2024-04-28T17:47:45","modified_gmt":"2024-04-28T21:47:45","slug":"quienes-somos","status":"publish","type":"page","link":"https:\/\/holytrinitypawling.org\/es\/quienes-somos\/","title":{"rendered":"Qui\u00e9nes somos"},"content":{"rendered":"<div class=\"wp-block-image\">\n<figure class=\"alignright size-image-480\"><img loading=\"lazy\" decoding=\"async\" width=\"480\" height=\"360\" src=\"https:\/\/holytrinitypawling.org\/wp-content\/uploads\/2023\/03\/landb-480x360.jpg\" alt=\"\" class=\"wp-image-256\" srcset=\"https:\/\/holytrinitypawling.org\/wp-content\/uploads\/2023\/03\/landb-480x360.jpg 480w, https:\/\/holytrinitypawling.org\/wp-content\/uploads\/2023\/03\/landb-300x225.jpg 300w, https:\/\/holytrinitypawling.org\/wp-content\/uploads\/2023\/03\/landb-1024x768.jpg 1024w, https:\/\/holytrinitypawling.org\/wp-content\/uploads\/2023\/03\/landb-768x576.jpg 768w, https:\/\/holytrinitypawling.org\/wp-content\/uploads\/2023\/03\/landb-640x480.jpg 640w, https:\/\/holytrinitypawling.org\/wp-content\/uploads\/2023\/03\/landb-720x540.jpg 720w, https:\/\/holytrinitypawling.org\/wp-content\/uploads\/2023\/03\/landb-960x720.jpg 960w, https:\/\/holytrinitypawling.org\/wp-content\/uploads\/2023\/03\/landb-1168x876.jpg 1168w, https:\/\/holytrinitypawling.org\/wp-content\/uploads\/2023\/03\/landb-1440x1080.jpg 1440w, https:\/\/holytrinitypawling.org\/wp-content\/uploads\/2023\/03\/landb-1920x1440.jpg 1920w, https:\/\/holytrinitypawling.org\/wp-content\/uploads\/2023\/03\/landb-1536x1152.jpg 1536w, https:\/\/holytrinitypawling.org\/wp-content\/uploads\/2023\/03\/landb.jpg 2048w\" sizes=\"auto, (max-width: 480px) 100vw, 480px\" \/><\/figure>\n<\/div>\n<p>La Iglesia de la Sant\u00edsima Trinidad en el pueblo de Pawling es una parroquia vibrante, amistosa, fiel y en crecimiento. Estamos deseando conocer a los reci\u00e9n llegados y esperamos que su visita sea agradable y gratificante.<br\/> <br\/>Visitar una iglesia &#8211; o incluso &#8220;ir de compras&#8221; &#8211; puede ser una tarea desalentadora y hace falta valor para visitar un lugar nuevo, sobre todo solo. Tenga la seguridad de que los feligreses de la Sant\u00edsima Trinidad son amables y quieren que se sienta bienvenido y c\u00f3modo. As\u00ed que p\u00e1sate; alternamos entre misas y oraci\u00f3n matutina a las 10 de la ma\u00f1ana todos los domingos. Nuestro servicio de las 10 de la ma\u00f1ana tiene m\u00fasica, con un coro de septiembre a junio. La escuela dominical y la guarder\u00eda est\u00e1n disponibles a las 9:45 AM. Los ni\u00f1os de todas las edades son, por supuesto, bienvenidos a cualquier servicio. Despu\u00e9s del servicio de las 10 de la ma\u00f1ana tenemos una gran hora del caf\u00e9 con la oportunidad de reunirse, hablar y ponerse al d\u00eda con viejos y nuevos amigos. Adem\u00e1s, a lo largo del a\u00f1o se organizan momentos de compa\u00f1erismo y aprendizaje. Estos actos est\u00e1n a veces orientados a los j\u00f3venes\/adolescentes, pero a menudo son intergeneracionales. Los acontecimientos especiales y las liturgias se anuncian siempre durante los anuncios en la iglesia y a trav\u00e9s del calendario de la p\u00e1gina web.<\/p>\n\n<p>Nuestro aparcamiento est\u00e1 situado detr\u00e1s de la iglesia, y se accede desde Townsend Boulevard, la calle que discurre por el lateral de la propiedad. Tambi\u00e9n se puede aparcar en la calle. La iglesia es accesible para minusv\u00e1lidos; hay aseos en la primera y la segunda planta, y un ascensor el\u00e9ctrico para sillas hasta el sal\u00f3n parroquial de la segunda planta.<\/p>\n\n<p>Le rogamos que se d\u00e9 a conocer, tanto si est\u00e1 de visita en la zona y desea un lugar de culto acogedor y estimulante como si busca un hogar parroquial. Estamos deseando conocerle.<\/p>\n\n<p>Bendiciones&#8230; El Reverendo Richard Suero, la Di\u00e1cona Ann Conti, y los Mayordomos, la Junta Parroquial y los Feligreses de la Sant\u00edsima Trinidad.<\/p>\n","protected":false},"excerpt":{"rendered":"<p>La Iglesia de la Sant\u00edsima Trinidad en el pueblo de Pawling es una parroquia vibrante, amistosa, fiel y en crecimiento. [&hellip;]<\/p>\n","protected":false},"author":1,"featured_media":0,"parent":0,"menu_order":0,"comment_status":"closed","ping_status":"closed","template":"","meta":{"slim_seo":{"title":"Qui\u00e9nes somos - Holy Trinity Episcopal Church","description":"La Iglesia de la Sant\u00edsima Trinidad en el pueblo de Pawling es una parroquia vibrante, amistosa, fiel y en crecimiento. Estamos deseando conocer a los reci\u00e9n ll"},"footnotes":""},"class_list":["post-663","page","type-page","status-publish","hentry"],"meta_box":[],"_links":{"self":[{"href":"https:\/\/holytrinitypawling.org\/es\/wp-json\/wp\/v2\/pages\/663","targetHints":{"allow":["GET"]}}],"collection":[{"href":"https:\/\/holytrinitypawling.org\/es\/wp-json\/wp\/v2\/pages"}],"about":[{"href":"https:\/\/holytrinitypawling.org\/es\/wp-json\/wp\/v2\/types\/page"}],"author":[{"embeddable":true,"href":"https:\/\/holytrinitypawling.org\/es\/wp-json\/wp\/v2\/users\/1"}],"replies":[{"embeddable":true,"href":"https:\/\/holytrinitypawling.org\/es\/wp-json\/wp\/v2\/comments?post=663"}],"version-history":[{"count":2,"href":"https:\/\/holytrinitypawling.org\/es\/wp-json\/wp\/v2\/pages\/663\/revisions"}],"predecessor-version":[{"id":946,"href":"https:\/\/holytrinitypawling.org\/es\/wp-json\/wp\/v2\/pages\/663\/revisions\/946"}],"wp:attachment":[{"href":"https:\/\/holytrinitypawling.org\/es\/wp-json\/wp\/v2\/media?parent=663"}],"curies":[{"name":"wp","href":"https:\/\/api.w.org\/{rel}","templated":true}]}}