{"id":669,"date":"2023-03-01T18:09:32","date_gmt":"2023-03-01T23:09:32","guid":{"rendered":"https:\/\/holytrinitypawling.org\/padre-juan-perez\/"},"modified":"2023-11-17T15:23:32","modified_gmt":"2023-11-17T20:23:32","slug":"padre-juan-perez","status":"publish","type":"page","link":"https:\/\/holytrinitypawling.org\/es\/padre-juan-perez\/","title":{"rendered":"Padre Juan P\u00e9rez"},"content":{"rendered":"\n<p>El Padre Juan aport\u00f3 su vitalidad, herencia cultural y pasi\u00f3n a su funci\u00f3n ministerial y foment\u00f3 el acercamiento a todos los miembros de la comunidad y ofreci\u00f3 oportunidades para fomentar la esperanza no s\u00f3lo los domingos sino en su vida diaria. Su recuerdo y su influencia siguen inspirando a la parroquia.<\/p>\n\n<p>El padre Juan naci\u00f3 en el sur del Bronx, en Nueva York, fue criado como cat\u00f3lico romano y recibido en la Iglesia Episcopal como adulto en 1998. Fue ordenado sacerdote en la Di\u00f3cesis de Michigan en junio de 2014. Stephen&#8217;s, Troy, MI, y tambi\u00e9n sirvi\u00f3 como cofundador de La Iglesia Detroit y como Misionero Cura para el Ministerio Hispano en la Di\u00f3cesis de Michigan.<\/p>\n\n<p>Antes de discernir la llamada al ministerio ordenado, el padre Juan trabaj\u00f3 como asistente social en diversos entornos cl\u00ednicos y acad\u00e9micos en Nueva York y Michigan. Se traslad\u00f3 del Bronx a Detroit en 2001, y m\u00e1s recientemente vivi\u00f3 en Berkley, MI, con su marido, Joe Cloutier, y sus tres Schnauzers est\u00e1ndar, Maggie, Lazarus y Jaeger.<\/p>\n\n<p>El padre Juan obtuvo su maestr\u00eda en Divinidad en el Seminario Bexley-Seabury de Ohio, tiene un m\u00e1ster en Trabajo Social por la Universidad de Pensilvania y una licenciatura en Estudios para la Paz por el Manhattan College.<\/p>\n\n<p>La Iglesia Episcopal de la Sant\u00edsima Trinidad, situada en la avenida Coulter, se fund\u00f3 en Pawling en 1910 como una rama de la Iglesia de Cristo de Patterson. Se constituy\u00f3 como parroquia independiente en 1956. Las misas son los domingos a las 10 de la ma\u00f1ana. Alberga reuniones de Alcoh\u00f3licos An\u00f3nimos y clases de ingl\u00e9s como segunda lengua.<\/p>\n","protected":false},"excerpt":{"rendered":"<p>El Padre Juan aport\u00f3 su vitalidad, herencia cultural y pasi\u00f3n a su funci\u00f3n ministerial y foment\u00f3 el acercamiento a todos [&hellip;]<\/p>\n","protected":false},"author":1,"featured_media":0,"parent":0,"menu_order":0,"comment_status":"closed","ping_status":"closed","template":"","meta":{"slim_seo":{"title":"Padre Juan P\u00e9rez - Holy Trinity Episcopal Church","description":"El Padre Juan aport\u00f3 su vitalidad, herencia cultural y pasi\u00f3n a su funci\u00f3n ministerial y foment\u00f3 el acercamiento a todos los miembros de la comunidad y ofreci\u00f3"},"footnotes":""},"class_list":["post-669","page","type-page","status-publish","hentry"],"meta_box":[],"_links":{"self":[{"href":"https:\/\/holytrinitypawling.org\/es\/wp-json\/wp\/v2\/pages\/669","targetHints":{"allow":["GET"]}}],"collection":[{"href":"https:\/\/holytrinitypawling.org\/es\/wp-json\/wp\/v2\/pages"}],"about":[{"href":"https:\/\/holytrinitypawling.org\/es\/wp-json\/wp\/v2\/types\/page"}],"author":[{"embeddable":true,"href":"https:\/\/holytrinitypawling.org\/es\/wp-json\/wp\/v2\/users\/1"}],"replies":[{"embeddable":true,"href":"https:\/\/holytrinitypawling.org\/es\/wp-json\/wp\/v2\/comments?post=669"}],"version-history":[{"count":1,"href":"https:\/\/holytrinitypawling.org\/es\/wp-json\/wp\/v2\/pages\/669\/revisions"}],"predecessor-version":[{"id":671,"href":"https:\/\/holytrinitypawling.org\/es\/wp-json\/wp\/v2\/pages\/669\/revisions\/671"}],"wp:attachment":[{"href":"https:\/\/holytrinitypawling.org\/es\/wp-json\/wp\/v2\/media?parent=669"}],"curies":[{"name":"wp","href":"https:\/\/api.w.org\/{rel}","templated":true}]}}