{"id":670,"date":"2023-03-28T21:43:00","date_gmt":"2023-03-29T01:43:00","guid":{"rendered":"https:\/\/holytrinitypawling.org\/nuestro-clero\/"},"modified":"2023-03-28T21:43:00","modified_gmt":"2023-03-29T01:43:00","slug":"nuestro-clero","status":"publish","type":"page","link":"https:\/\/holytrinitypawling.org\/es\/nuestro-clero\/","title":{"rendered":"Nuestro clero"},"content":{"rendered":"","protected":false},"excerpt":{"rendered":"","protected":false},"author":1,"featured_media":0,"parent":0,"menu_order":0,"comment_status":"closed","ping_status":"closed","template":"","meta":{"slim_seo":{"title":"Nuestro clero - Holy Trinity Episcopal Church","description":"Padre Richard Suero Di\u00e1cono Ann Conti La di\u00e1cona Ann es miembro de la comunidad de Pawling desde hace mucho tiempo. Antes de su ordenaci\u00f3n en mayo de 2018, ense"},"footnotes":""},"class_list":["post-670","page","type-page","status-publish","hentry"],"meta_box":[],"_links":{"self":[{"href":"https:\/\/holytrinitypawling.org\/es\/wp-json\/wp\/v2\/pages\/670","targetHints":{"allow":["GET"]}}],"collection":[{"href":"https:\/\/holytrinitypawling.org\/es\/wp-json\/wp\/v2\/pages"}],"about":[{"href":"https:\/\/holytrinitypawling.org\/es\/wp-json\/wp\/v2\/types\/page"}],"author":[{"embeddable":true,"href":"https:\/\/holytrinitypawling.org\/es\/wp-json\/wp\/v2\/users\/1"}],"replies":[{"embeddable":true,"href":"https:\/\/holytrinitypawling.org\/es\/wp-json\/wp\/v2\/comments?post=670"}],"version-history":[{"count":0,"href":"https:\/\/holytrinitypawling.org\/es\/wp-json\/wp\/v2\/pages\/670\/revisions"}],"wp:attachment":[{"href":"https:\/\/holytrinitypawling.org\/es\/wp-json\/wp\/v2\/media?parent=670"}],"curies":[{"name":"wp","href":"https:\/\/api.w.org\/{rel}","templated":true}]}}