{"id":673,"date":"2023-03-16T10:40:37","date_gmt":"2023-03-16T14:40:37","guid":{"rendered":"https:\/\/holytrinitypawling.org\/breve-resena-historica-de-la-iglesia-de-la-santisima-trinidad\/"},"modified":"2023-11-17T15:23:32","modified_gmt":"2023-11-17T20:23:32","slug":"breve-resena-historica-de-la-iglesia-de-la-santisima-trinidad","status":"publish","type":"page","link":"https:\/\/holytrinitypawling.org\/es\/breve-resena-historica-de-la-iglesia-de-la-santisima-trinidad\/","title":{"rendered":"Breve rese\u00f1a hist\u00f3rica de la iglesia de la Sant\u00edsima Trinidad"},"content":{"rendered":"\n<p>Los servicios episcopales se celebraron regularmente en Pawling ya en 1898, compartiendo los servicios del clero con nuestra vecina, Christ Church, Patterson, durante la mayor parte del per\u00edodo comprendido entre entonces y 1968. La Iglesia de la Sant\u00edsima Trinidad se erigi\u00f3 en 1937, y la parroquia se incorpor\u00f3 en 1938 como dependencia de la Iglesia de Cristo. Se reincorpor\u00f3 como parroquia independiente en 1956.<\/p>\n\n<p>La congregaci\u00f3n creci\u00f3 y pudo a\u00f1adir un ala de oficinas, seguida de un sal\u00f3n parroquial en el segundo piso de la secci\u00f3n de oficinas. El clero a tiempo parcial sirvi\u00f3 a la congregaci\u00f3n hasta 1997, cuando la parroquia entr\u00f3 en el Plan Diocesano de Apoyo a la Congregaci\u00f3n, que le permiti\u00f3 llamar a un vicario a tiempo completo.<\/p>\n\n<p>En 2002, la Sant\u00edsima Trinidad reedific\u00f3 el interior de la iglesia tras un importante proyecto de restauraci\u00f3n, financiado por legados, donaciones y conmemoraciones.<\/p>\n\n<p>Para una historia m\u00e1s detallada, consulte <a href=\"https:\/\/holytrinitypawling.org\/es\/los-origenes-de-la-santisima-trinidad\/\">LOS PRINCIPIOS<\/a>.<\/p>\n","protected":false},"excerpt":{"rendered":"<p>Los servicios episcopales se celebraron regularmente en Pawling ya en 1898, compartiendo los servicios del clero con nuestra vecina, Christ [&hellip;]<\/p>\n","protected":false},"author":1,"featured_media":0,"parent":0,"menu_order":0,"comment_status":"closed","ping_status":"closed","template":"","meta":{"slim_seo":{"title":"Breve rese\u00f1a hist\u00f3rica de la iglesia de la Sant\u00edsima Trinidad - Holy Trinity Episcopal Church","description":"Los servicios episcopales se celebraron regularmente en Pawling ya en 1898, compartiendo los servicios del clero con nuestra vecina, Christ Church, Patterson, d"},"footnotes":""},"class_list":["post-673","page","type-page","status-publish","hentry"],"meta_box":[],"_links":{"self":[{"href":"https:\/\/holytrinitypawling.org\/es\/wp-json\/wp\/v2\/pages\/673","targetHints":{"allow":["GET"]}}],"collection":[{"href":"https:\/\/holytrinitypawling.org\/es\/wp-json\/wp\/v2\/pages"}],"about":[{"href":"https:\/\/holytrinitypawling.org\/es\/wp-json\/wp\/v2\/types\/page"}],"author":[{"embeddable":true,"href":"https:\/\/holytrinitypawling.org\/es\/wp-json\/wp\/v2\/users\/1"}],"replies":[{"embeddable":true,"href":"https:\/\/holytrinitypawling.org\/es\/wp-json\/wp\/v2\/comments?post=673"}],"version-history":[{"count":1,"href":"https:\/\/holytrinitypawling.org\/es\/wp-json\/wp\/v2\/pages\/673\/revisions"}],"predecessor-version":[{"id":675,"href":"https:\/\/holytrinitypawling.org\/es\/wp-json\/wp\/v2\/pages\/673\/revisions\/675"}],"wp:attachment":[{"href":"https:\/\/holytrinitypawling.org\/es\/wp-json\/wp\/v2\/media?parent=673"}],"curies":[{"name":"wp","href":"https:\/\/api.w.org\/{rel}","templated":true}]}}