{"id":676,"date":"2023-03-15T20:30:51","date_gmt":"2023-03-16T00:30:51","guid":{"rendered":"https:\/\/holytrinitypawling.org\/los-origenes-de-la-santisima-trinidad\/"},"modified":"2023-11-17T15:26:05","modified_gmt":"2023-11-17T20:26:05","slug":"los-origenes-de-la-santisima-trinidad","status":"publish","type":"page","link":"https:\/\/holytrinitypawling.org\/es\/los-origenes-de-la-santisima-trinidad\/","title":{"rendered":"Los or\u00edgenes de la Sant\u00edsima Trinidad"},"content":{"rendered":"\n<h2 class=\"has-text-align-center wp-block-heading\"><strong>INTRODUCCI\u00d3N<\/strong><\/h2>\n\n<p>La Iglesia Episcopal de la Sant\u00edsima Trinidad de la localidad de Pawling fue fundada en 1910 por un grupo de episcopales locales bajo la direcci\u00f3n del rector de la Iglesia de Cristo de Patterson, el reverendo William H. Meldrum. Dirig\u00eda servicios semanales en la sala mas\u00f3nica situada sobre la farmacia del edificio Rogers. En 1937 se construy\u00f3 el edificio actual, inaugurado en 1938.<\/p>\n\n<p>Esta Historia de la Iglesia de Cristo, Patterson, Nueva York, 1770-1970 fue escrita por un feligr\u00e9s de la Iglesia de Cristo para conmemorar su aniversario. La Iglesia de la Sant\u00edsima Trinidad de Pawling forma parte de esa historia, y esta Historia se reimprimi\u00f3 en 1993 como <em>LOS PRINCIPIOS DE LA SANT\u00cdSIMA TRINIDAD<\/em> para ayudarnos a conocer nuestra herencia.<\/p>\n\n<p>La Sant\u00edsima Trinidad es la hija menor de la Iglesia de Cristo; hemos aparecido recientemente en escena, en comparaci\u00f3n con la gran edad de nuestra madre. Pero bien podr\u00edamos considerar nuestra la herencia de la Iglesia de Cristo. De hecho, algunos de nosotros compramos la gasolina donde se celebr\u00f3 la &#8220;Gran Barbacoa&#8221; del general Washington. La mayor parte del clero desde 1910 hasta 1968 ha servido en ambas parroquias. Como parroquias vecinas, nuestras preocupaciones comunitarias son similares.<\/p>\n\n<p>Con esta publicaci\u00f3n, en la Iglesia de la Sant\u00edsima Trinidad expresamos nuestra gratitud a la Iglesia de Cristo por fundarnos y sostenernos en nuestros primeros d\u00edas, y a Dios por permitirnos crecer en este lugar.<\/p>\n\n<p class=\"has-text-align-center\"><strong>HISTORIA DE LA IGLESIA DE CRISTO PATTERSON, NUEVA YORK<br\/>1770-1970<br\/><em>Conmemoraci\u00f3n del 200 aniversario<\/em><\/strong><\/p>\n\n<p>Al celebrar, en este a\u00f1o de 1970, la fundaci\u00f3n de Christ Church, hace 200 a\u00f1os, es dif\u00edcil visualizar el mundo de 1770. Delimitados como estamos por una red de grandes autopistas, los sinuosos caminos de postas que segu\u00edan el r\u00edo hacia el norte y el sur a lo largo de la Ruta 22, hacia el oeste hasta Ludingtonville y Cold Spring, y los senderos indios a lo largo de la cresta del Oblong (Quaker Hill) est\u00e1n pr\u00e1cticamente olvidados. Sin embargo, hoy, entre nuestra congregaci\u00f3n, hay hombres y mujeres por cuyas venas corre la sangre de los robustos pioneros que colonizaron esta regi\u00f3n y duermen en el cementerio de nuestra iglesia.<\/p>\n\n<p>Nosotros tambi\u00e9n tenemos nuestros recuerdos hist\u00f3ricos. Una sangrienta escaramuza tuvo lugar justo al norte de aqu\u00ed, al pie de Mooney Hill, entre un regimiento de tropas brit\u00e1nicas de Poughkeepsie y un banco de colonos que iban a reunirse con William Prendergast, uno de los principales l\u00edderes de la Rebeli\u00f3n Anti-Renta de 1766. La casa de Prendergast estaba en lo que hoy es el campo de golf de Pawling. Tampoco debemos olvidar a nuestro peque\u00f1o Paul Revere presbiteriano, Sybil Ludington, de quince a\u00f1os, la mayor de doce, que en una lluviosa noche de abril de 1777 recorri\u00f3 a caballo treinta millas a trav\u00e9s de Carmel hasta Mahopac, Stormville y vuelta a casa, alertando a la milicia de que los brit\u00e1nicos estaban quemando Danbury, a s\u00f3lo quince millas. Vivi\u00f3 hasta los 77 a\u00f1os, como se\u00f1ala su l\u00e1pida en el cementerio de nuestra iglesia vecina, donde yace junto a su padre, el coronel Henry Ludington, comandante de los reclutas de Philipse Patent y nombrado por George Washington encargado del espionaje en esta zona.<\/p>\n\n<p>Durante un tiempo de la Revoluci\u00f3n, el cuartel general del general Anthony Wayne estuvo al sur, en Haviland Hollow; el marqu\u00e9s de Lafayette y sus tropas acamparon en una elevaci\u00f3n a un cuarto de milla al norte de nuestra iglesia; y, lo m\u00e1s emocionante de todo, el propio general George Washington pas\u00f3 en 1778 dos meses en nuestras inmediaciones [en realidad, en John Kane House, en Pawling &#8211; ed.]. El 17 de octubre de 1778, para asistir a una barbacoa que celebraba el primer aniversario de la rendici\u00f3n de Burgoyne, cabalg\u00f3 con su caballo blanco por South Quaker Hill hasta el punto en el que la carretera divide la Ruta 22. &#8220;Su noble aspecto y su majestuoso porte superan con creces a cualquier otro presente hasta el punto de no dejar lugar a comparaciones&#8221;, recuerda un tal Sr. Boardman en una carta conservada. El Sr. Boardman era un joven presente en la &#8220;Gran Barbacoa&#8221;.<\/p>\n\n<p>La historia temprana de la Iglesia Episcopal de Cristo, Patterson, Nueva York es en gran parte tradicional hasta su incorporaci\u00f3n, el 8 de julio de 1797. Algunos hechos son conocidos. Tras las Guerras Francesa e India, un grupo de j\u00f3venes oficiales escoceses, miembros de la milicia brit\u00e1nica, fijaron su residencia en esta zona. El capit\u00e1n Archibald Campbell fue uno de los tres que organizaron la misi\u00f3n episcopal de Fredericsburgh (Patterson), actual Christ Church. Hay que tener en cuenta que el condado de Putnam no se separ\u00f3 de Dutchess hasta 1812. En 1770, Patterson era conocida como Fredericsburgh y era una ciudad importante en nuestra zona. De hecho, seg\u00fan cuenta la historia, se eligi\u00f3 un alcalde y concejales y Fredericsburgh fue conocida como &#8220;La Ciudad&#8221;.<\/p>\n\n<p><strong>Adquisici\u00f3n de terrenos<\/strong><\/p>\n\n<p>El terreno que ocupaba nuestra iglesia original era en realidad parte de los lotes siete y ocho de la Patente Philipse. La controlaba Beverly Robinson, propietario original por derecho de su esposa, Susannah Philipse, hija de Frederic Philipse, que hered\u00f3 de su t\u00edo, Adolph Philipse, concesionario original de la corona. Adolph era soltero y muri\u00f3 intestado en 1749. Fueron Beverly Robinson y su esposa quienes apartaron de sus posesiones la parcela para nuestra iglesia y cementerio; y, junto con Archibald Campbell, se dice que construyeron la estructura original de troncos cerca del emplazamiento de la iglesia actual. Ocho a\u00f1os m\u00e1s tarde, en 1778, durante la Guerra de la Independencia, el edificio de nuestra iglesia deb\u00eda de estar en pie y robusto. En los Archivos de Washington, los documentos de solicitud de pensi\u00f3n de una tal Martha Watts de Patterson, fechados el 14 de abril de 1818, dicen:<\/p>\n\n<blockquote class=\"wp-block-quote is-layout-flow wp-block-quote-is-layout-flow\">\n<p>Martha Watts era viuda de John Watts, un soldado revolucionario&#8230; El declarante Daniel Haynes de la ciudad de Patterson, de 74 a\u00f1os de edad, &#8230;jur\u00f3 que &#8220;conoc\u00eda a John Watts, fallecido, de la ciudad de Patterson y que lo ha conocido durante 59 a\u00f1os o m\u00e1s&#8230;.&#8221;. El declarante (Sr. Haynes) dice que a principios de la primavera del a\u00f1o 1778 se encontraba con su padre Asa Haynes cuando \u00e9ste estaba sacando troncos para el aserradero y yendo a dicho aserradero pas\u00f3 por la Iglesia Episcopal donde se guardaban los almacenes continentales y se manten\u00eda una guardia militar en ese lugar, tambi\u00e9n varios talleres de art\u00edfices en ese lugar, fabricando utensilios para el Ej\u00e9rcito&#8230;. Yo era la compa\u00f1\u00eda de milicianos en dicha Iglesia Episcopal como guardia militar en ese lugar bajo el mando del Capit\u00e1n David Heacock en la Compa\u00f1\u00eda del Coronel Henry Luddington&#8221;.<\/p>\n<\/blockquote>\n\n<p>Christ Church, Patterson, se establece como la segunda iglesia episcopal m\u00e1s antigua del condado de Dutchess; Trinity Church, Fishkill, se organiza tradicionalmente en 1765. Nuestra joven iglesia vivi\u00f3 unos comienzos ciertamente tormentosos, con la Guerra de la Independencia libr\u00e1ndose a sus mismas puertas, unido al hecho de que la Iglesia Episcopal en Am\u00e9rica se gestionaba desde Inglaterra como una empresa misionera y estaba muy implicada en la pol\u00edtica del gobierno colonial. Los grupos tories se agruparon en torno al clero episcopal y, en consecuencia, sus iglesias permanecieron cerradas a los servicios religiosos durante la Revoluci\u00f3n y alg\u00fan tiempo despu\u00e9s.<\/p>\n\n<p>Durante los a\u00f1os 1770 a 1781 se celebraron servicios ocasionalmente en Christ Church, pero luego se interrumpieron por completo. Las tierras de Tory Beverly Robinson fueron confiscadas por los comisionados de confiscaci\u00f3n y vendidas en subasta en 1782 a un tal Joseph Roskrans, pero la Iglesia Episcopal y medio acre para un cementerio se reservaron &#8220;fuera de esa encuesta&#8221;.<\/p>\n\n<p>En 1795, Fredericsburg se redujo a sus dimensiones actuales y se rebautiz\u00f3 como Franklin, pero este nombre s\u00f3lo se mantuvo durante unos catorce a\u00f1os. Nuestra ciudad tom\u00f3 su nombre actual de Matthew Patterson, natural de Escocia. Lleg\u00f3 a Am\u00e9rica en 1752, tuvo negocios con Beverly Robinson en Nueva York, y en 1770, el a\u00f1o de nuestro aniversario, vino a Fredericsburgh. Regent\u00f3 una taberna de la Guerra de la Independencia justo al otro lado de la carretera, al noroeste de aqu\u00ed, y, en 1809, la comunidad le honr\u00f3 dando su nombre a la ciudad. Fue juez del Tribunal de Causas Comunes del condado de Dutchess que, el 5 de julio de 1797, concedi\u00f3 los documentos de incorporaci\u00f3n a Christ Church. Los oficiales de Christ Church que firmaron los documentos de incorporaci\u00f3n fueron Robert G. Wetmore (sacerdote), Marshal Worden y Elijah Stone.<\/p>\n\n<p><strong>Constituci\u00f3n de la parroquia<\/strong><\/p>\n\n<p>Para llevar a cabo esta incorporaci\u00f3n, el reverendo Sr. Wetmore convoc\u00f3 una reuni\u00f3n de hombres interesados y los siguientes son los primeros cargos electos de nuestra iglesia de los que se tiene constancia: Uriah Mitchell y Darius Stone, guardianes; Dr. Richard S. Bryant, James Kellog, John Paterson, Samuel Cornwall, Nathan Palmer, Archibald Campbell, Jacob Haviland y Benjamin Brooks &#8211; sacristanes. Elijah Stone fue secretario; Uriah Mitchell y Archibald Campbell fueron elegidos para representar a la iglesia en la convocatoria anual en Nueva York. Por cierto, se tratar\u00eda del hijo del antiguo Archibald Campbell, fallecido a causa de las heridas recibidas en la guerra.<\/p>\n\n<p>Entramos ahora en una \u00e9poca de nuestra historia en la que los registros, aunque intermitentes, se conservaban realmente. Nos enteramos de que en 1798 se celebr\u00f3 una reuni\u00f3n &#8220;para proponer una uni\u00f3n con la iglesia de Beekman y hacer los arreglos necesarios para que un cl\u00e9rigo de la iglesia celebrara servicios alternos&#8221;. En 1803, se nombr\u00f3 un comit\u00e9 para consultar con la Sociedad Presbiteriana sobre el cementerio. En el a\u00f1o 1809 parece que el reverendo George B. Andrews y el reverendo Hiram Jeliffe celebraron servicios ocasionales. En 1816 se nombr\u00f3 un comit\u00e9 &#8220;para cuidar de la madera de la antigua iglesia y del terreno perteneciente a dicha iglesia.&#8221; Esto indicar\u00eda que hacia 1814 se hab\u00eda construido una nueva iglesia.<\/p>\n\n<p>De nuevo se produjo un periodo de abandono; no hubo registros ni, aparentemente, servicios durante varios a\u00f1os. Sesenta y cinco a\u00f1os despu\u00e9s de la fundaci\u00f3n original de la iglesia, renaci\u00f3 el inter\u00e9s por los rituales anglicanos en Patterson. En 1835 se celebr\u00f3 una reuni\u00f3n en casa de John Jennings, presidida por el reverendo Alexander Fraser. Se vot\u00f3 construir una nueva iglesia en el lugar de la antigua. Se nombr\u00f3 al inevitable comit\u00e9 encargado de conseguir suscripciones por valor de 1.100 d\u00f3lares. Trinity Church (Nueva York) hizo una donaci\u00f3n de 750 d\u00f3lares; Frederick Stone, 150 d\u00f3lares; John Jennings, 100 d\u00f3lares; y otros, sumas menores. Este edificio fue terminado y dedicado el 16 de junio de 1837. Un a\u00f1o antes, en 1836, Benjamin Evans fue enviado a nuestra parroquia por el obispo como lector laico. Ese a\u00f1o comulgaron John Jennings y su esposa, Cornelius Dea, la Sra. Turner, Alexander Murray y su esposa, la Sra. Reed, Abigail Ingersol, Catherine Townsend, Elizabeth Hayt y Moses Beach.<\/p>\n\n<p>Sigui\u00f3 una r\u00e1pida sucesi\u00f3n de ministros:<\/p>\n\n<ul class=\"wp-block-list\">\n<li>Rev. Sheldon Davis, 1 de abril de 1840 &#8211; 1 de octubre de 1841<\/li>\n\n\n\n<li>Rev. Alfred M. Loutrel, noviembre de 1841 &#8211; 28 de marzo de 1842<\/li>\n\n\n\n<li>Rev. Albert P. Smith, 16 de julio de 1842 &#8211; agosto de 1846<\/li>\n\n\n\n<li>Rev. Orsimus H. Smith, 6 de agosto de 1848 &#8211; 1 de diciembre de 1850<\/li>\n\n\n\n<li>Rev. Sheldon Davis (de nuevo), 20 de abril de 1851 &#8211; 1854<\/li>\n\n\n\n<li>Rev. John Downey, 1854 &#8211; 1855, tambi\u00e9n 1860 &#8211; 1862<\/li>\n\n\n\n<li>Rev. William Wood (misionero), 1862 &#8211; 1863<\/li>\n\n\n\n<li>Rev. John Downey (otra vez), 19 de septiembre de 1864 &#8211; 2 de octubre de 1865<\/li>\n<\/ul>\n\n<p>En ese momento se nombr\u00f3 un comit\u00e9 para recibir suscripciones para el mantenimiento de los servicios, y Richard S. Hayt fue nombrado secretario de la parroquia. El reverendo Benjamin Evans estuvo aqu\u00ed de nuevo durante un tiempo y dimiti\u00f3 en octubre de 1870, hace justo cien a\u00f1os. El reverendo Wilberforce Wells lleg\u00f3 en 1874. El reverendo Matthew Bailey de Kent comenz\u00f3 los servicios en 1877 y fue elegido rector en abril de 1879. A.A. Morrison, lector laico, fue el siguiente encargado, y le sucedi\u00f3 el reverendo Frank Heartfield, que ofici\u00f3 en Christ Church y en la iglesia de Brewster. Los servicios se celebraban en Patterson todos los s\u00e1bados por la tarde.<\/p>\n\n<p>Esto nos lleva hasta aproximadamente 1886. En ese momento hab\u00eda unos 134 nombres en las l\u00e1pidas de los cementerios episcopales y presbiterianos. El primer registro es el de Thomas Fleming, que muri\u00f3 el 22 de octubre de 1792, a la edad de 47 a\u00f1os; con \u00e9l yace Helen, su esposa, que muri\u00f3 el 11 de octubre de 1830, a la avanzada edad de 83 a\u00f1os. La influencia cu\u00e1quera se manifiesta en estas primeras piedras en nombres como Mindwell, Thankful, Mercy. Henry Ludington, famoso en la Guerra de la Independencia, fue enterrado en 1817 a la edad de 78 a\u00f1os. Elizabeth Palmer tambi\u00e9n duerme aqu\u00ed. Vivi\u00f3 104 a\u00f1os, 7 meses y 28 d\u00edas.<\/p>\n\n<p>Los registros directos reales de Christ Church comienzan con la primera entrada del actual Libro de Actas, fechada el Domingo de Pascua, 28 de abril de 1886, y firmada por el ministro encargado, el reverendo Eli D. Sutcliffe. En ese momento Frank Tucker y George Turrell Ballard fueron elegidos guardianes; Richard Samuel Hayt, George Ely Wright, Frederic Crawford Taber y Alexander Hall, sacristanes. Compartimos los servicios del reverendo Sr. Sutcliffe con Brewster y le pagamos un salario anual de 250 d\u00f3lares. El Sr. Sutcliffe dimiti\u00f3 en 1889 y fue sucedido por el Rev. Percy Penn y el Rev. C.C. Parry, cada uno de los cuales ejerci\u00f3 el cargo durante un breve periodo.<\/p>\n\n<p><strong>El Sr. Meldrum llega a la escena<\/strong><\/p>\n\n<p>En 1894, Christ Church fue finalmente atendida por un ministro que permaneci\u00f3 m\u00e1s que poco tiempo. El 8 de julio de ese a\u00f1o, el Rev. William Henry Meldrum fue llamado y comenz\u00f3 su fiel ministerio de casi medio siglo, 1894-1942. En 1894, su salario era de 400 d\u00f3lares anuales.<\/p>\n\n<p>En 1901 se derrib\u00f3 el antiguo edificio de tipo colonial. El gasto estimado para la sustituci\u00f3n era de 1.500 a 2.000 d\u00f3lares. En el mismo lugar se construy\u00f3 una iglesia en memoria de la madre de la Sra. James Cornwall. Desgraciadamente, diez a\u00f1os m\u00e1s tarde, en febrero de 1911, este edificio tambi\u00e9n ardi\u00f3. La p\u00e9rdida de esta hermosa estructura fue inusualmente grande, ya que conten\u00eda muchos muebles finos y costosos, ninguno de los cuales se salv\u00f3. Durante los meses siguientes, el Sr. Meldrum y la congregaci\u00f3n contaron con la ayuda de amigos de la comunidad para recaudar el dinero necesario para la reconstrucci\u00f3n. Nuestra vecina, la Iglesia Presbiteriana, fue especialmente amable al ofrecer su edificio para los servicios y ayudar en proyectos de recaudaci\u00f3n de fondos.<\/p>\n\n<p>El edificio actual de la iglesia, construido con un coste de unos 4.452 d\u00f3lares, fue dedicado el d\u00eda de Santo Tom\u00e1s, el 21 de diciembre de 1911. El serm\u00f3n dedicatorio fue predicado por el reverendo Frank Heartfield, que hab\u00eda sido nuestro rector entre 1884 y 1885. Los planos originales se modificaron para dar cabida a un \u00f3rgano Moller de dos manuales y pedales de 14 registros y 734 tubos construido hacia 1885 para una iglesia metodista de Maryland. Lo bombeaba un muchacho a 15\u00a2 por domingo, pero en 1921 se instal\u00f3 un soplador accionado el\u00e9ctricamente. Este \u00f3rgano es el orgullo especial de nuestro organista actual, el Sr. Paul W. Townsend, que ha servido a Christ Church como organista durante sesenta a\u00f1os, desde noviembre de 1910.<\/p>\n\n<p>A principios del ministerio del Sr. Meldrum, comenz\u00f3 a celebrar servicios episcopales en Pawling en el Sal\u00f3n Mas\u00f3nico sobre la farmacia de la esquina. Bajo su direcci\u00f3n se recaudaron fondos y en 1937 se construy\u00f3 la iglesia de la Sant\u00edsima Trinidad de Pawling. As\u00ed comenz\u00f3 nuestra larga asociaci\u00f3n con la parroquia de Pawling. Desde entonces, salvo breves periodos, Christ Church y Holy Trinity han compartido los servicios de un ministro.<\/p>\n\n<p>En octubre de 1942, el Sr. Meldrum se jubil\u00f3, poniendo fin a un ministerio de 48 a\u00f1os. Christ Church le honr\u00f3 eligi\u00e9ndole inmediatamente Rector Em\u00e9rito. Finalmente regres\u00f3 a Pawling en 1966 para ser enterrado a la edad de noventa y nueve a\u00f1os.<\/p>\n\n<p>El reverendo Richard W. Wamsley sucedi\u00f3 al Sr. Meldrum. En 1942 fue nombrado cura encargado de ambas parroquias. Adem\u00e1s, fue capell\u00e1n y profesor de estudios sagrados en el colegio Trinity-Pawling. Fue una gran conmoci\u00f3n para sus feligreses enterarse de su fallecimiento el 5 de julio de 1953 a consecuencia de las heridas sufridas en un accidente de autom\u00f3vil en la lluviosa noche del 1 de julio.<\/p>\n\n<p>Tras el reverendo Wamsley lleg\u00f3 el reverendo William J. Clague, un joven di\u00e1cono, m\u00e1s tarde sacerdote, popular entre sus feligreses, que entristeci\u00f3 a muchos cuando se march\u00f3 en 1957. Por cierto, los salarios hab\u00edan aumentado desde 1984. El estipendio del reverendo Clague era de 2.500 d\u00f3lares anuales con alojamiento mientras era di\u00e1cono, que se elevar\u00edan a 3.000 d\u00f3lares cuando fuera sacerdote.<\/p>\n\n<p>Durante el ministerio del padre Clague, con la esperanza de tener un sacerdote propio y de ampliar la escuela dominical y el programa parroquial, la junta parroquial compr\u00f3 la casa de enfrente, al norte. Se vendi\u00f3 en 1964. Otra propiedad de la iglesia es el terreno situado al este del cruce de las rutas 311 y 292, que Richard Hayt, antiguo secretario de la sacrist\u00eda, leg\u00f3 a la iglesia en 1891. Las m\u00e1s audaces de todas, las mujeres de la parroquia activas en la Cofrad\u00eda, pidieron en 1951 el derecho de voto en las reuniones parroquiales. En 1958, incluso han invadido el sagrado coto masculino: \u00a1la sacrist\u00eda!<\/p>\n\n<p>Despu\u00e9s del padre Clague, la parroquia fue atendida durante breves periodos por una serie de j\u00f3venes sacerdotes capaces. El reverendo Vincent H. Strohsahl, vicario en 1957 y 1958, vivi\u00f3 en la vicar\u00eda y sirvi\u00f3 tanto a la Iglesia de Cristo como a la Iglesia de la Resurrecci\u00f3n en Hopewell Junction. El Rev. Louis Mitchell le sigui\u00f3 en 1958, sirviendo a nuestra parroquia y a la Iglesia de la Sagrada Comuni\u00f3n en Mahopac. Volvimos a la uni\u00f3n con Pawling cuando el Rev. Charles Pedersen nos ministr\u00f3 en 1962. Le sigui\u00f3 el reverendo Wesley Smith, con su profunda creencia en el Cristo sanador, 1963 &#8211; 1968. El reverendo Charles Brittain, que simpatizaba profundamente con nuestros adolescentes problem\u00e1ticos, ha dejado recientemente nuestras dos parroquias. Con el ministerio del reverendo Ralph Bonacker, Christ Church hab\u00eda logrado de nuevo su objetivo de independencia y un pastor propio.<\/p>\n\n<p>Fundada en 1770, nuestra parroquia es m\u00e1s antigua que nuestro pa\u00eds. Una iglesia episcopal se ha erigido en este lugar o cerca de \u00e9l casi ininterrumpidamente durante 200 a\u00f1os. Que nunca olvidemos, al entrar en nuestro tercer siglo, a quienes dedicaron gran parte de su tiempo, esfuerzo y tesoro a garantizarnos este patrimonio sagrado.<\/p>\n","protected":false},"excerpt":{"rendered":"<p>INTRODUCCI\u00d3N La Iglesia Episcopal de la Sant\u00edsima Trinidad de la localidad de Pawling fue fundada en 1910 por un grupo [&hellip;]<\/p>\n","protected":false},"author":1,"featured_media":0,"parent":0,"menu_order":0,"comment_status":"closed","ping_status":"closed","template":"","meta":{"slim_seo":{"title":"Los or\u00edgenes de la Sant\u00edsima Trinidad - Holy Trinity Episcopal Church","description":"INTRODUCCI\u00d3N La Iglesia Episcopal de la Sant\u00edsima Trinidad de la localidad de Pawling fue fundada en 1910 por un grupo de episcopales locales bajo la direcci\u00f3n"},"footnotes":""},"class_list":["post-676","page","type-page","status-publish","hentry"],"meta_box":[],"_links":{"self":[{"href":"https:\/\/holytrinitypawling.org\/es\/wp-json\/wp\/v2\/pages\/676","targetHints":{"allow":["GET"]}}],"collection":[{"href":"https:\/\/holytrinitypawling.org\/es\/wp-json\/wp\/v2\/pages"}],"about":[{"href":"https:\/\/holytrinitypawling.org\/es\/wp-json\/wp\/v2\/types\/page"}],"author":[{"embeddable":true,"href":"https:\/\/holytrinitypawling.org\/es\/wp-json\/wp\/v2\/users\/1"}],"replies":[{"embeddable":true,"href":"https:\/\/holytrinitypawling.org\/es\/wp-json\/wp\/v2\/comments?post=676"}],"version-history":[{"count":1,"href":"https:\/\/holytrinitypawling.org\/es\/wp-json\/wp\/v2\/pages\/676\/revisions"}],"predecessor-version":[{"id":677,"href":"https:\/\/holytrinitypawling.org\/es\/wp-json\/wp\/v2\/pages\/676\/revisions\/677"}],"wp:attachment":[{"href":"https:\/\/holytrinitypawling.org\/es\/wp-json\/wp\/v2\/media?parent=676"}],"curies":[{"name":"wp","href":"https:\/\/api.w.org\/{rel}","templated":true}]}}